{"id":19,"date":"2023-04-21T15:10:47","date_gmt":"2023-04-21T15:10:47","guid":{"rendered":"https:\/\/floridianhc.com\/?page_id=19"},"modified":"2023-05-25T19:32:49","modified_gmt":"2023-05-25T19:32:49","slug":"home","status":"publish","type":"page","link":"https:\/\/floridianhc.com\/en\/home\/","title":{"rendered":"Home"},"content":{"rendered":"<div data-elementor-type=\"wp-page\" data-elementor-id=\"19\" class=\"elementor elementor-19\" data-elementor-post-type=\"page\">\n\t\t\t\t\t\t<section class=\"elementor-section elementor-top-section elementor-element elementor-element-d466d5a elementor-section-height-min-height elementor-section-boxed elementor-section-height-default elementor-section-items-middle\" data-id=\"d466d5a\" data-element_type=\"section\" data-e-type=\"section\" data-settings=\"{&quot;background_background&quot;:&quot;classic&quot;}\">\n\t\t\t\t\t\t<div class=\"elementor-container elementor-column-gap-default\">\n\t\t\t\t\t<div class=\"elementor-column elementor-col-100 elementor-top-column elementor-element elementor-element-eba9b99\" data-id=\"eba9b99\" data-element_type=\"column\" data-e-type=\"column\">\n\t\t\t<div class=\"elementor-widget-wrap elementor-element-populated\">\n\t\t\t\t\t\t<div class=\"elementor-element elementor-element-28d75cd elementor-widget elementor-widget-image\" data-id=\"28d75cd\" data-element_type=\"widget\" data-e-type=\"widget\" data-widget_type=\"image.default\">\n\t\t\t\t<div class=\"elementor-widget-container\">\n\t\t\t\t\t\t\t\t\t\t\t\t\t\t\t<img fetchpriority=\"high\" decoding=\"async\" width=\"800\" height=\"389\" src=\"https:\/\/floridianhc.com\/wp-content\/uploads\/2023\/04\/image001-1024x498.png\" class=\"attachment-large size-large wp-image-48\" alt=\"\" srcset=\"https:\/\/floridianhc.com\/wp-content\/uploads\/2023\/04\/image001-1024x498.png 1024w, https:\/\/floridianhc.com\/wp-content\/uploads\/2023\/04\/image001-300x146.png 300w, https:\/\/floridianhc.com\/wp-content\/uploads\/2023\/04\/image001-768x373.png 768w, https:\/\/floridianhc.com\/wp-content\/uploads\/2023\/04\/image001-1536x747.png 1536w, https:\/\/floridianhc.com\/wp-content\/uploads\/2023\/04\/image001.png 1718w\" sizes=\"(max-width: 800px) 100vw, 800px\" \/>\t\t\t\t\t\t\t\t\t\t\t\t\t\t\t<\/div>\n\t\t\t\t<\/div>\n\t\t\t\t<div class=\"elementor-element elementor-element-1349253 elementor-widget elementor-widget-heading\" data-id=\"1349253\" data-element_type=\"widget\" data-e-type=\"widget\" data-widget_type=\"heading.default\">\n\t\t\t\t<div class=\"elementor-widget-container\">\n\t\t\t\t\t<h2 class=\"elementor-heading-title elementor-size-default\">Our website is<\/h2>\t\t\t\t<\/div>\n\t\t\t\t<\/div>\n\t\t\t\t<div class=\"elementor-element elementor-element-2ff8b01 elementor-widget elementor-widget-heading\" data-id=\"2ff8b01\" data-element_type=\"widget\" data-e-type=\"widget\" data-widget_type=\"heading.default\">\n\t\t\t\t<div class=\"elementor-widget-container\">\n\t\t\t\t\t<h2 class=\"elementor-heading-title elementor-size-default\">Almost ready!<\/h2>\t\t\t\t<\/div>\n\t\t\t\t<\/div>\n\t\t\t\t<div class=\"elementor-element elementor-element-0f8de4e elementor-widget__width-initial elementor-widget elementor-widget-text-editor\" data-id=\"0f8de4e\" data-element_type=\"widget\" data-e-type=\"widget\" data-widget_type=\"text-editor.default\">\n\t\t\t\t<div class=\"elementor-widget-container\">\n\t\t\t\t\t\t\t\t\t<p>We are excited to introduce you to our website, where you can find a wide variety of health and wellness services for older adults. We are currently working hard to provide you with an exceptional online experience. We hope you will join us on this journey and become a part of the Floridian Health Centers community.<\/p>\t\t\t\t\t\t\t\t<\/div>\n\t\t\t\t<\/div>\n\t\t\t\t<div class=\"elementor-element elementor-element-5487e60 elementor-widget elementor-widget-heading\" data-id=\"5487e60\" data-element_type=\"widget\" data-e-type=\"widget\" data-widget_type=\"heading.default\">\n\t\t\t\t<div class=\"elementor-widget-container\">\n\t\t\t\t\t<h2 class=\"elementor-heading-title elementor-size-default\">Follow us here!<\/h2>\t\t\t\t<\/div>\n\t\t\t\t<\/div>\n\t\t\t\t<div class=\"elementor-element elementor-element-5068f78 elementor-shape-circle elementor-grid-0 e-grid-align-center elementor-widget elementor-widget-social-icons\" data-id=\"5068f78\" data-element_type=\"widget\" data-e-type=\"widget\" data-widget_type=\"social-icons.default\">\n\t\t\t\t<div class=\"elementor-widget-container\">\n\t\t\t\t\t\t\t<div class=\"elementor-social-icons-wrapper elementor-grid\" role=\"list\">\n\t\t\t\t\t\t\t<span class=\"elementor-grid-item\" role=\"listitem\">\n\t\t\t\t\t<a class=\"elementor-icon elementor-social-icon elementor-social-icon-facebook elementor-repeater-item-f8cef61\" href=\"https:\/\/www.facebook.com\/profile.php?id=100089997965270\" target=\"_blank\">\n\t\t\t\t\t\t<span class=\"elementor-screen-only\">Facebook<\/span>\n\t\t\t\t\t\t<i aria-hidden=\"true\" class=\"fab fa-facebook\"><\/i>\t\t\t\t\t<\/a>\n\t\t\t\t<\/span>\n\t\t\t\t\t\t\t<span class=\"elementor-grid-item\" role=\"listitem\">\n\t\t\t\t\t<a class=\"elementor-icon elementor-social-icon elementor-social-icon-instagram elementor-repeater-item-988e61e\" href=\"https:\/\/www.instagram.com\/floridianhealthcenters\/\" target=\"_blank\">\n\t\t\t\t\t\t<span class=\"elementor-screen-only\">instagram<\/span>\n\t\t\t\t\t\t<i aria-hidden=\"true\" class=\"fab fa-instagram\"><\/i>\t\t\t\t\t<\/a>\n\t\t\t\t<\/span>\n\t\t\t\t\t<\/div>\n\t\t\t\t\t\t<\/div>\n\t\t\t\t<\/div>\n\t\t\t\t\t<\/div>\n\t\t<\/div>\n\t\t\t\t\t<\/div>\n\t\t<\/section>\n\t\t\t\t<\/div>","protected":false},"excerpt":{"rendered":"<p>Our Website is Almost ready! We are excited to introduce you to our website, where you can find a wide variety of health and wellness services for older adults. We [&hellip;]<\/p>\n","protected":false},"author":1,"featured_media":0,"parent":0,"menu_order":0,"comment_status":"closed","ping_status":"closed","template":"","meta":{"_acf_changed":false,"footnotes":""},"class_list":["post-19","page","type-page","status-publish","hentry"],"acf":[],"yoast_head":"<!-- This site is optimized with the Yoast SEO plugin v27.3 - https:\/\/yoast.com\/product\/yoast-seo-wordpress\/ -->\n<title>Home - Floridian Health Center<\/title>\n<meta name=\"description\" content=\"Floridian Health Centers ofrece atenci\u00f3n m\u00e9dica personalizada que se adapta a las necesidades espec\u00edficas de cada miembro de su comunidad. Los pacientes son tratados por un equipo de profesionales altamente calificados que se centran en mejorar la calidad de vida de los adultos mayores. Algunas caracter\u00edsticas y beneficios claves de este servicio incluyen:\" \/>\n<meta name=\"robots\" content=\"index, follow, max-snippet:-1, max-image-preview:large, max-video-preview:-1\" \/>\n<link rel=\"canonical\" href=\"https:\/\/floridianhc.com\/en\/home\/\" \/>\n<meta property=\"og:locale\" content=\"en_US\" \/>\n<meta property=\"og:type\" content=\"article\" \/>\n<meta property=\"og:title\" content=\"Home - Floridian Health Center\" \/>\n<meta property=\"og:description\" content=\"Floridian Health Centers ofrece atenci\u00f3n m\u00e9dica personalizada que se adapta a las necesidades espec\u00edficas de cada miembro de su comunidad. Los pacientes son tratados por un equipo de profesionales altamente calificados que se centran en mejorar la calidad de vida de los adultos mayores. Algunas caracter\u00edsticas y beneficios claves de este servicio incluyen:\" \/>\n<meta property=\"og:url\" content=\"https:\/\/floridianhc.com\/en\/home\/\" \/>\n<meta property=\"og:site_name\" content=\"Floridian Health Center\" \/>\n<meta property=\"article:modified_time\" content=\"2023-05-25T19:32:49+00:00\" \/>\n<meta property=\"og:image\" content=\"https:\/\/floridianhc.com\/wp-content\/uploads\/2023\/04\/image001-1024x498.png\" \/>\n<meta name=\"twitter:card\" content=\"summary_large_image\" \/>\n<meta name=\"twitter:label1\" content=\"Est. reading time\" \/>\n\t<meta name=\"twitter:data1\" content=\"1 minute\" \/>\n<script type=\"application\/ld+json\" class=\"yoast-schema-graph\">{\"@context\":\"https:\\\/\\\/schema.org\",\"@graph\":[{\"@type\":\"WebPage\",\"@id\":\"https:\\\/\\\/floridianhc.com\\\/home\\\/\",\"url\":\"https:\\\/\\\/floridianhc.com\\\/home\\\/\",\"name\":\"Home - Floridian Health Center\",\"isPartOf\":{\"@id\":\"https:\\\/\\\/floridianhc.com\\\/#website\"},\"primaryImageOfPage\":{\"@id\":\"https:\\\/\\\/floridianhc.com\\\/home\\\/#primaryimage\"},\"image\":{\"@id\":\"https:\\\/\\\/floridianhc.com\\\/home\\\/#primaryimage\"},\"thumbnailUrl\":\"https:\\\/\\\/floridianhc.com\\\/wp-content\\\/uploads\\\/2023\\\/04\\\/image001-1024x498.png\",\"datePublished\":\"2023-04-21T15:10:47+00:00\",\"dateModified\":\"2023-05-25T19:32:49+00:00\",\"description\":\"Floridian Health Centers ofrece atenci\u00f3n m\u00e9dica personalizada que se adapta a las necesidades espec\u00edficas de cada miembro de su comunidad. Los pacientes son tratados por un equipo de profesionales altamente calificados que se centran en mejorar la calidad de vida de los adultos mayores. Algunas caracter\u00edsticas y beneficios claves de este servicio incluyen:\",\"breadcrumb\":{\"@id\":\"https:\\\/\\\/floridianhc.com\\\/home\\\/#breadcrumb\"},\"inLanguage\":\"en-US\",\"potentialAction\":[{\"@type\":\"ReadAction\",\"target\":[\"https:\\\/\\\/floridianhc.com\\\/home\\\/\"]}]},{\"@type\":\"ImageObject\",\"inLanguage\":\"en-US\",\"@id\":\"https:\\\/\\\/floridianhc.com\\\/home\\\/#primaryimage\",\"url\":\"https:\\\/\\\/floridianhc.com\\\/wp-content\\\/uploads\\\/2023\\\/04\\\/image001-1024x498.png\",\"contentUrl\":\"https:\\\/\\\/floridianhc.com\\\/wp-content\\\/uploads\\\/2023\\\/04\\\/image001-1024x498.png\"},{\"@type\":\"BreadcrumbList\",\"@id\":\"https:\\\/\\\/floridianhc.com\\\/home\\\/#breadcrumb\",\"itemListElement\":[{\"@type\":\"ListItem\",\"position\":1,\"name\":\"Portada\",\"item\":\"https:\\\/\\\/floridianhc.com\\\/\"},{\"@type\":\"ListItem\",\"position\":2,\"name\":\"Home\"}]},{\"@type\":\"WebSite\",\"@id\":\"https:\\\/\\\/floridianhc.com\\\/#website\",\"url\":\"https:\\\/\\\/floridianhc.com\\\/\",\"name\":\"Floridian Health Center\",\"description\":\"Taking care of our Community\",\"publisher\":{\"@id\":\"https:\\\/\\\/floridianhc.com\\\/#organization\"},\"potentialAction\":[{\"@type\":\"SearchAction\",\"target\":{\"@type\":\"EntryPoint\",\"urlTemplate\":\"https:\\\/\\\/floridianhc.com\\\/?s={search_term_string}\"},\"query-input\":{\"@type\":\"PropertyValueSpecification\",\"valueRequired\":true,\"valueName\":\"search_term_string\"}}],\"inLanguage\":\"en-US\"},{\"@type\":\"Organization\",\"@id\":\"https:\\\/\\\/floridianhc.com\\\/#organization\",\"name\":\"Floridian Health Center\",\"url\":\"https:\\\/\\\/floridianhc.com\\\/\",\"logo\":{\"@type\":\"ImageObject\",\"inLanguage\":\"en-US\",\"@id\":\"https:\\\/\\\/floridianhc.com\\\/#\\\/schema\\\/logo\\\/image\\\/\",\"url\":\"https:\\\/\\\/floridianhc.com\\\/wp-content\\\/uploads\\\/2023\\\/04\\\/cropped-floridian-logo01.png\",\"contentUrl\":\"https:\\\/\\\/floridianhc.com\\\/wp-content\\\/uploads\\\/2023\\\/04\\\/cropped-floridian-logo01.png\",\"width\":183,\"height\":80,\"caption\":\"Floridian Health Center\"},\"image\":{\"@id\":\"https:\\\/\\\/floridianhc.com\\\/#\\\/schema\\\/logo\\\/image\\\/\"}}]}<\/script>\n<!-- \/ Yoast SEO plugin. -->","yoast_head_json":{"title":"Home - Floridian Health Center","description":"Floridian Health Centers offers personalized health care that is tailored to the specific needs of each member of your community. Patients are treated by a team of highly qualified professionals who are focused on improving the quality of life for older adults. Some key features and benefits of this service include:","robots":{"index":"index","follow":"follow","max-snippet":"max-snippet:-1","max-image-preview":"max-image-preview:large","max-video-preview":"max-video-preview:-1"},"canonical":"https:\/\/floridianhc.com\/en\/home\/","og_locale":"en_US","og_type":"article","og_title":"Home - Floridian Health Center","og_description":"Floridian Health Centers ofrece atenci\u00f3n m\u00e9dica personalizada que se adapta a las necesidades espec\u00edficas de cada miembro de su comunidad. Los pacientes son tratados por un equipo de profesionales altamente calificados que se centran en mejorar la calidad de vida de los adultos mayores. Algunas caracter\u00edsticas y beneficios claves de este servicio incluyen:","og_url":"https:\/\/floridianhc.com\/en\/home\/","og_site_name":"Floridian Health Center","article_modified_time":"2023-05-25T19:32:49+00:00","og_image":[{"url":"https:\/\/floridianhc.com\/wp-content\/uploads\/2023\/04\/image001-1024x498.png","type":"","width":"","height":""}],"twitter_card":"summary_large_image","twitter_misc":{"Est. reading time":"1 minute"},"schema":{"@context":"https:\/\/schema.org","@graph":[{"@type":"WebPage","@id":"https:\/\/floridianhc.com\/home\/","url":"https:\/\/floridianhc.com\/home\/","name":"Home - Floridian Health Center","isPartOf":{"@id":"https:\/\/floridianhc.com\/#website"},"primaryImageOfPage":{"@id":"https:\/\/floridianhc.com\/home\/#primaryimage"},"image":{"@id":"https:\/\/floridianhc.com\/home\/#primaryimage"},"thumbnailUrl":"https:\/\/floridianhc.com\/wp-content\/uploads\/2023\/04\/image001-1024x498.png","datePublished":"2023-04-21T15:10:47+00:00","dateModified":"2023-05-25T19:32:49+00:00","description":"Floridian Health Centers offers personalized health care that is tailored to the specific needs of each member of your community. Patients are treated by a team of highly qualified professionals who are focused on improving the quality of life for older adults. Some key features and benefits of this service include:","breadcrumb":{"@id":"https:\/\/floridianhc.com\/home\/#breadcrumb"},"inLanguage":"en-US","potentialAction":[{"@type":"ReadAction","target":["https:\/\/floridianhc.com\/home\/"]}]},{"@type":"ImageObject","inLanguage":"en-US","@id":"https:\/\/floridianhc.com\/home\/#primaryimage","url":"https:\/\/floridianhc.com\/wp-content\/uploads\/2023\/04\/image001-1024x498.png","contentUrl":"https:\/\/floridianhc.com\/wp-content\/uploads\/2023\/04\/image001-1024x498.png"},{"@type":"BreadcrumbList","@id":"https:\/\/floridianhc.com\/home\/#breadcrumb","itemListElement":[{"@type":"ListItem","position":1,"name":"Portada","item":"https:\/\/floridianhc.com\/"},{"@type":"ListItem","position":2,"name":"Home"}]},{"@type":"WebSite","@id":"https:\/\/floridianhc.com\/#website","url":"https:\/\/floridianhc.com\/","name":"Floridian Health Center","description":"Taking care of our Community","publisher":{"@id":"https:\/\/floridianhc.com\/#organization"},"potentialAction":[{"@type":"SearchAction","target":{"@type":"EntryPoint","urlTemplate":"https:\/\/floridianhc.com\/?s={search_term_string}"},"query-input":{"@type":"PropertyValueSpecification","valueRequired":true,"valueName":"search_term_string"}}],"inLanguage":"en-US"},{"@type":"Organization","@id":"https:\/\/floridianhc.com\/#organization","name":"Floridian Health Center","url":"https:\/\/floridianhc.com\/","logo":{"@type":"ImageObject","inLanguage":"en-US","@id":"https:\/\/floridianhc.com\/#\/schema\/logo\/image\/","url":"https:\/\/floridianhc.com\/wp-content\/uploads\/2023\/04\/cropped-floridian-logo01.png","contentUrl":"https:\/\/floridianhc.com\/wp-content\/uploads\/2023\/04\/cropped-floridian-logo01.png","width":183,"height":80,"caption":"Floridian Health Center"},"image":{"@id":"https:\/\/floridianhc.com\/#\/schema\/logo\/image\/"}}]}},"_links":{"self":[{"href":"https:\/\/floridianhc.com\/en\/wp-json\/wp\/v2\/pages\/19","targetHints":{"allow":["GET"]}}],"collection":[{"href":"https:\/\/floridianhc.com\/en\/wp-json\/wp\/v2\/pages"}],"about":[{"href":"https:\/\/floridianhc.com\/en\/wp-json\/wp\/v2\/types\/page"}],"author":[{"embeddable":true,"href":"https:\/\/floridianhc.com\/en\/wp-json\/wp\/v2\/users\/1"}],"replies":[{"embeddable":true,"href":"https:\/\/floridianhc.com\/en\/wp-json\/wp\/v2\/comments?post=19"}],"version-history":[{"count":32,"href":"https:\/\/floridianhc.com\/en\/wp-json\/wp\/v2\/pages\/19\/revisions"}],"predecessor-version":[{"id":1044,"href":"https:\/\/floridianhc.com\/en\/wp-json\/wp\/v2\/pages\/19\/revisions\/1044"}],"wp:attachment":[{"href":"https:\/\/floridianhc.com\/en\/wp-json\/wp\/v2\/media?parent=19"}],"curies":[{"name":"wp","href":"https:\/\/api.w.org\/{rel}","templated":true}]}}